{"id":479,"date":"2016-06-22T18:02:05","date_gmt":"2016-06-22T15:02:05","guid":{"rendered":"https:\/\/demo.forumschaessburg.eu\/?page_id=12"},"modified":"2016-06-22T18:02:05","modified_gmt":"2016-06-22T15:02:05","slug":"ueberblick","status":"publish","type":"page","link":"https:\/\/forumschaessburg.eu\/index.php\/ueberblick\/","title":{"rendered":"\u00dcberblick"},"content":{"rendered":"<p><img loading=\"lazy\" decoding=\"async\" class=\"alignleft size-medium wp-image-13\" src=\"https:\/\/forumschaessburg.eu\/wp-content\/uploads\/2016\/06\/jan_015-300x225.jpg\" alt=\"DFDS Hauptsitz\" width=\"300\" height=\"225\" \/>Nach gr\u00fcndlicher Vorarbeit in Hermannstadt wurde auf einer von Pfarrer Thomas Grau einberufenen Versammlung in Sch\u00e4\u00dfburg am 28.12.1989 beschlossen, das Demokratische Forum der Deutschen in Rum\u00e4nien zu gr\u00fcnden. In rascher Folge erfolgte im ganzen Land die Gr\u00fcndung von Lokalforen.<\/p>\n<p>Das Sch\u00e4\u00dfburger Forum wurde im Januar 1990 ins Leben gerufen. Erster Vorsitzender war Walter Lutsch (1990 \u2013 1992). Es folgten als Vorsitzende Christian Elges (1992 \u2013 1995), Reinhold Aescht (1995 \u2013 1999), Christian Elges (1999 \u2013 2001), Heinz Wolff (kommissarisch 2001 \u2013 2004). Harald Gitschner (2004-2007) Dr. Karl Scheerer (2007-2009) Seit 2009 ist Stefan Gorczyca der Vorsitzende des Forums.<\/p>\n<p>Zwischen 2004 und 2008 stellte das Forum drei Abgeordnete im Stadtparlament.<\/p>\n<p>2005 wurde der Forumssitz generalsaniert und neu ausgestattet.<\/p>\n","protected":false},"excerpt":{"rendered":"<p>Nach gr\u00fcndlicher Vorarbeit in Hermannstadt wurde auf einer von Pfarrer Thomas Grau einberufenen Versammlung in Sch\u00e4\u00dfburg am 28.12.1989 beschlossen, das Demokratische Forum der Deutschen in Rum\u00e4nien zu gr\u00fcnden. In rascher Folge erfolgte im ganzen Land die Gr\u00fcndung von Lokalforen. Das Sch\u00e4\u00dfburger Forum wurde im Januar 1990 ins Leben gerufen. Erster Vorsitzender war Walter Lutsch (1990 \u2013 1992). Es folgten als&#8230; <a href=\"https:\/\/forumschaessburg.eu\/index.php\/ueberblick\/\">Read more &raquo;<\/a><\/p>\n","protected":false},"author":1,"featured_media":0,"parent":0,"menu_order":0,"comment_status":"closed","ping_status":"closed","template":"","meta":{"footnotes":""},"class_list":["post-479","page","type-page","status-publish","hentry"],"_links":{"self":[{"href":"https:\/\/forumschaessburg.eu\/index.php\/wp-json\/wp\/v2\/pages\/479","targetHints":{"allow":["GET"]}}],"collection":[{"href":"https:\/\/forumschaessburg.eu\/index.php\/wp-json\/wp\/v2\/pages"}],"about":[{"href":"https:\/\/forumschaessburg.eu\/index.php\/wp-json\/wp\/v2\/types\/page"}],"author":[{"embeddable":true,"href":"https:\/\/forumschaessburg.eu\/index.php\/wp-json\/wp\/v2\/users\/1"}],"replies":[{"embeddable":true,"href":"https:\/\/forumschaessburg.eu\/index.php\/wp-json\/wp\/v2\/comments?post=479"}],"version-history":[{"count":0,"href":"https:\/\/forumschaessburg.eu\/index.php\/wp-json\/wp\/v2\/pages\/479\/revisions"}],"wp:attachment":[{"href":"https:\/\/forumschaessburg.eu\/index.php\/wp-json\/wp\/v2\/media?parent=479"}],"curies":[{"name":"wp","href":"https:\/\/api.w.org\/{rel}","templated":true}]}}