{"id":481,"date":"2016-06-22T18:06:15","date_gmt":"2016-06-22T15:06:15","guid":{"rendered":"https:\/\/demo.forumschaessburg.eu\/?page_id=18"},"modified":"2016-06-22T18:06:15","modified_gmt":"2016-06-22T15:06:15","slug":"frauenkreis","status":"publish","type":"page","link":"https:\/\/forumschaessburg.eu\/index.php\/frauenkreis\/","title":{"rendered":"Frauenkreis"},"content":{"rendered":"<p><a href=\"https:\/\/forumschaessburg.eu\/wp-content\/uploads\/2016\/06\/Fraunekr.-Ausflug.jpg\"><img loading=\"lazy\" decoding=\"async\" class=\"alignleft wp-image-19 size-medium\" src=\"https:\/\/forumschaessburg.eu\/wp-content\/uploads\/2016\/06\/Fraunekr.-Ausflug-300x225.jpg\" alt=\"Frauenkreis\" width=\"300\" height=\"225\" \/><\/a>Den Frauenkreis gibt es schon seit den Anf\u00e4ngen des Forums in Sch\u00e4\u00dfburg, und damit ist er eine der \u00e4ltesten Gruppen, die das Deutsche Demokratische Forum hat. Frauen, die Deutsch sprechen oder Interesse an der deutschen Kultur haben, treffen sich w\u00f6chentlich im Veranstaltungssaal, um in gem\u00fclicher Runde bei Tee, Kaffee und Geb\u00e4ck Neuigkeiten auszutauschen und zu handarbeiten. Hier und in h\u00e4uslicher Arbeit entstehen wundersch\u00f6ne Strickereien praktischer und dekorativer Art wie Topflappen, Polster, Schals, M\u00fctzen, Westen und Decken, aber auch kunstvollen Stickereien wie die f\u00fcr die siebenb\u00fcrger Sachsen so typische Kreuzstichstickerei, N\u00e4harbeiten und Basteleien. Diese Kunstwerke werden dann auf einem Basar in der Vorweihnachtszeit zum Verkauf angeboten. Mit den so gewonnenen Mitteln und auch Spenden bspw. der HOG Sch\u00e4\u00dfburg und des Forums organisieren die Frauen dann gerne in der warmen Jahreszeit einen Ausflug in die Umgebung. So besuchten unsere Damen schon viele der bekannten Kirchenburgen, aber auch Bergorte wie die Hohe Rinne oder Sinaia.<\/p>\n<p>In der Vorweihnachtszeit organisieren sich die Frauen, um Besuche bei ganz alten Senioren zu Hause zu machen und diese mit einem P\u00e4ckchen mit vielen leckeren und brauchbaren Dingen zu erfreuen.<\/p>\n<p>Kommt man an einem Dienstagnachmittag, wenn sich der Frauenkreis trifft, am Forum vorbei, kann man oft auch Gesang vernehmen oder das Vorlesen von humoristischen und besinnlichen Texten. Dann ist es gut m\u00f6glich, dass gerade eine der Damen ihren Geburtstag in der lustigen Runde feiert oder etwa eine Faschingsfeier die Damen zusammengef\u00fchrt hat.<\/p>\n<p>Was immer sich f\u00fcr ein Anlass bietet, die zurzeit 16 Frauen kommen immer wieder gerne zusammen.<\/p>\n","protected":false},"excerpt":{"rendered":"<p>Den Frauenkreis gibt es schon seit den Anf\u00e4ngen des Forums in Sch\u00e4\u00dfburg, und damit ist er eine der \u00e4ltesten Gruppen, die das Deutsche Demokratische Forum hat. Frauen, die Deutsch sprechen oder Interesse an der deutschen Kultur haben, treffen sich w\u00f6chentlich im Veranstaltungssaal, um in gem\u00fclicher Runde bei Tee, Kaffee und Geb\u00e4ck Neuigkeiten auszutauschen und zu handarbeiten. Hier und in h\u00e4uslicher&#8230; <a href=\"https:\/\/forumschaessburg.eu\/index.php\/frauenkreis\/\">Read more &raquo;<\/a><\/p>\n","protected":false},"author":1,"featured_media":0,"parent":0,"menu_order":0,"comment_status":"closed","ping_status":"closed","template":"","meta":{"footnotes":""},"class_list":["post-481","page","type-page","status-publish","hentry"],"_links":{"self":[{"href":"https:\/\/forumschaessburg.eu\/index.php\/wp-json\/wp\/v2\/pages\/481","targetHints":{"allow":["GET"]}}],"collection":[{"href":"https:\/\/forumschaessburg.eu\/index.php\/wp-json\/wp\/v2\/pages"}],"about":[{"href":"https:\/\/forumschaessburg.eu\/index.php\/wp-json\/wp\/v2\/types\/page"}],"author":[{"embeddable":true,"href":"https:\/\/forumschaessburg.eu\/index.php\/wp-json\/wp\/v2\/users\/1"}],"replies":[{"embeddable":true,"href":"https:\/\/forumschaessburg.eu\/index.php\/wp-json\/wp\/v2\/comments?post=481"}],"version-history":[{"count":0,"href":"https:\/\/forumschaessburg.eu\/index.php\/wp-json\/wp\/v2\/pages\/481\/revisions"}],"wp:attachment":[{"href":"https:\/\/forumschaessburg.eu\/index.php\/wp-json\/wp\/v2\/media?parent=481"}],"curies":[{"name":"wp","href":"https:\/\/api.w.org\/{rel}","templated":true}]}}