{"id":483,"date":"2016-06-22T18:27:28","date_gmt":"2016-06-22T15:27:28","guid":{"rendered":"https:\/\/demo.forumschaessburg.eu\/?page_id=31"},"modified":"2016-06-22T18:27:28","modified_gmt":"2016-06-22T15:27:28","slug":"bibliothek","status":"publish","type":"page","link":"https:\/\/forumschaessburg.eu\/index.php\/bibliothek\/","title":{"rendered":"Bibliothek"},"content":{"rendered":"<p><img loading=\"lazy\" decoding=\"async\" class=\"alignleft size-medium wp-image-32\" src=\"https:\/\/forumschaessburg.eu\/wp-content\/uploads\/2016\/06\/photo_9175_20091029-8ac22ac9-300x206.jpg\" alt=\"photo_9175_20091029-8ac22ac9\" width=\"300\" height=\"206\" \/>Jeden Dienstag und Donnerstag von 14:00 \u2013 16:00 Uhr l\u00e4dt das Deutsche Demokratische Forum Sch\u00e4\u00dfburg dazu ein, in die Welt der Literatur, Poesie und Fantasie einzutauchen und in den Best\u00e4nden unserer Bibliothek zu lesen und zu st\u00f6bern.<br \/>\nZu finden ist allerlei Unterhaltungsliteratur, Frauenromane, Kriminalromane,au Historienromane, Biographien und Jugendb\u00fccher. Daneben gibt es eine Reihe von Fachb\u00fcchern aus Kunst, Musik, Naturkunde, Anleitungen f\u00fcr Handarbeiten, Reisef\u00fchrer, W\u00f6rterb\u00fccher und Geschichtsb\u00fccher.<br \/>\nEbenfalls sind Werke von Thomas Mann, G\u00fcnther Grass, Erich K\u00e4stner und Friedrich D\u00fcrrenmatt vorhanden, um nur einige der gro\u00dfen Schriftsteller aufzuz\u00e4hlen.<br \/>\nWeiterhin haben wir eine Sammlung der Zeitschriften \u201eDer Spiegel\u201c und \u201eDer Kulturspiegel\u201c.<\/p>\n<p>Auch liegen die Sch\u00e4\u00dfburger Nachrichten, die ADZ (Allgemeine Deutsche Zeitung) und die Siebenb\u00fcrgische Zeitung aus und k\u00f6nnen jederzeit in Augenschein genommen werden.<\/p>\n<p>\u201eEs ist f\u00fcr jeden etwas dabei\u201c, so die Bibliothekarin Hildegard Martini. Unser aus Spenden bestehender B\u00fccherbestand ist deutschsprachig und umfasst insgesamt 1877 Werke. Gegr\u00fcndet wurde die Bibliothek Anfang der 90er Jahre und stetig durch Neuzug\u00e4nge erweitert. An dieser Stelle m\u00f6chten wir uns f\u00fcr die freundlichen Spenden bedanken, ohne die unsere Bibliothek nicht bestehen k\u00f6nnte.<\/p>\n<p>Wir freuen uns auf weitere Leser und Besucher und hei\u00dfen sie, auch im Namen unserer Bibliothekarin Hildegard Martini, herzlich willkommen.<\/p>\n","protected":false},"excerpt":{"rendered":"<p>Jeden Dienstag und Donnerstag von 14:00 \u2013 16:00 Uhr l\u00e4dt das Deutsche Demokratische Forum Sch\u00e4\u00dfburg dazu ein, in die Welt der Literatur, Poesie und Fantasie einzutauchen und in den Best\u00e4nden unserer Bibliothek zu lesen und zu st\u00f6bern. Zu finden ist allerlei Unterhaltungsliteratur, Frauenromane, Kriminalromane,au Historienromane, Biographien und Jugendb\u00fccher. Daneben gibt es eine Reihe von Fachb\u00fcchern aus Kunst, Musik, Naturkunde, Anleitungen&#8230; <a href=\"https:\/\/forumschaessburg.eu\/index.php\/bibliothek\/\">Read more &raquo;<\/a><\/p>\n","protected":false},"author":1,"featured_media":0,"parent":0,"menu_order":0,"comment_status":"closed","ping_status":"closed","template":"","meta":{"footnotes":""},"class_list":["post-483","page","type-page","status-publish","hentry"],"_links":{"self":[{"href":"https:\/\/forumschaessburg.eu\/index.php\/wp-json\/wp\/v2\/pages\/483","targetHints":{"allow":["GET"]}}],"collection":[{"href":"https:\/\/forumschaessburg.eu\/index.php\/wp-json\/wp\/v2\/pages"}],"about":[{"href":"https:\/\/forumschaessburg.eu\/index.php\/wp-json\/wp\/v2\/types\/page"}],"author":[{"embeddable":true,"href":"https:\/\/forumschaessburg.eu\/index.php\/wp-json\/wp\/v2\/users\/1"}],"replies":[{"embeddable":true,"href":"https:\/\/forumschaessburg.eu\/index.php\/wp-json\/wp\/v2\/comments?post=483"}],"version-history":[{"count":0,"href":"https:\/\/forumschaessburg.eu\/index.php\/wp-json\/wp\/v2\/pages\/483\/revisions"}],"wp:attachment":[{"href":"https:\/\/forumschaessburg.eu\/index.php\/wp-json\/wp\/v2\/media?parent=483"}],"curies":[{"name":"wp","href":"https:\/\/api.w.org\/{rel}","templated":true}]}}