{"id":485,"date":"2016-06-22T18:35:49","date_gmt":"2016-06-22T15:35:49","guid":{"rendered":"https:\/\/demo.forumschaessburg.eu\/?page_id=41"},"modified":"2016-06-22T18:35:49","modified_gmt":"2016-06-22T15:35:49","slug":"wer-wir-sind","status":"publish","type":"page","link":"https:\/\/forumschaessburg.eu\/index.php\/wer-wir-sind\/","title":{"rendered":"Wer wir sind"},"content":{"rendered":"<p><a href=\"https:\/\/forumschaessburg.eu\/wp-content\/uploads\/2016\/06\/jugendforum.jpg\"><img loading=\"lazy\" decoding=\"async\" class=\"alignleft size-medium wp-image-42\" src=\"https:\/\/forumschaessburg.eu\/wp-content\/uploads\/2016\/06\/jugendforum-300x225.jpg\" alt=\"Jugendforum\" width=\"300\" height=\"225\" \/><\/a>Das Jugendforum wurde am 06.02.1993 in Sch\u00e4\u00dfburg gegr\u00fcndet, mit dem Ziel sinnvolle Aktivit\u00e4ten zur Freizeitgestaltung f\u00fcr die Sch\u00e4\u00dfburger Deutsche Jugend und den sich deutsch f\u00fchlenden Jugendlichen zu organisieren und den Zusammenhalt der Jugend zu f\u00f6rdern.<br \/>\nDazu kam weiterhin die Bem\u00fchung zum Erhalt des Deutschen bzw. Siebenb\u00fcrgisch S\u00e4chsischem Kulturguts und Sprache beizutragen.<\/p>\n<p>Das Jugendforum Sch\u00e4\u00dfburg ist eine unabh\u00e4ngige dem Demokratischen Forum der Deutschen in Sch\u00e4\u00dfburg eingegliederte Jugendorganisation und Teil des Deutschen Jugendvereins Siebenb\u00fcrgen e.V. (DJVS) unter dem Dachverband der Arbeitsgemeinschaft Deutscher Jugend (ADJ). Zur Zeit haben wir ca. 30 aktive Mitglieder, die sich bei den regelm\u00e4\u00dfigen Aktivit\u00e4ten engagieren und ca. 10 weitere Mitglieder,die bei weiteren Aktionen mitmachen.<\/p>\n<h1>Ziele<\/h1>\n<p>Ziel des Jugenforums Sch\u00e4\u00dfburg ist es eine sinnvolle und attraktive Freizeitgestaltung f\u00fcr die deutschsprachige Jugend in Sch\u00e4\u00dfburg und Umgebung zu bieten. Das Jugendforum m\u00f6chte zum Erhalt des Deutschen Kulturguts in Sch\u00e4\u00dfburg beitragen, die Deutsche Sprache f\u00f6rdern. Es beteiligt sich aktiv an Jugendaustauschprogrammen und engagiert sich in sozialen Aktivit\u00e4ten.<\/p>\n<h2>Regelm\u00e4\u00dfige Aktivit\u00e4ten<\/h2>\n<h3>Tanzgruppe<\/h3>\n<p>Jeden Donnerstag von 17:00 bis 18:30 Uhr finde im Gymnastiksaal des Internats die Tanzgruppe statt.<\/p>\n<h3>Radiogruppe<\/h3>\n<p>Jeden Mittwoch um 18:00 Uhr findet im Josef Haltrich Lyzeum die Radiogruppe statt.<\/p>\n","protected":false},"excerpt":{"rendered":"<p>Das Jugendforum wurde am 06.02.1993 in Sch\u00e4\u00dfburg gegr\u00fcndet, mit dem Ziel sinnvolle Aktivit\u00e4ten zur Freizeitgestaltung f\u00fcr die Sch\u00e4\u00dfburger Deutsche Jugend und den sich deutsch f\u00fchlenden Jugendlichen zu organisieren und den Zusammenhalt der Jugend zu f\u00f6rdern. Dazu kam weiterhin die Bem\u00fchung zum Erhalt des Deutschen bzw. Siebenb\u00fcrgisch S\u00e4chsischem Kulturguts und Sprache beizutragen. Das Jugendforum Sch\u00e4\u00dfburg ist eine unabh\u00e4ngige dem Demokratischen Forum&#8230; <a href=\"https:\/\/forumschaessburg.eu\/index.php\/wer-wir-sind\/\">Read more &raquo;<\/a><\/p>\n","protected":false},"author":1,"featured_media":0,"parent":0,"menu_order":0,"comment_status":"closed","ping_status":"closed","template":"","meta":{"footnotes":""},"class_list":["post-485","page","type-page","status-publish","hentry"],"_links":{"self":[{"href":"https:\/\/forumschaessburg.eu\/index.php\/wp-json\/wp\/v2\/pages\/485","targetHints":{"allow":["GET"]}}],"collection":[{"href":"https:\/\/forumschaessburg.eu\/index.php\/wp-json\/wp\/v2\/pages"}],"about":[{"href":"https:\/\/forumschaessburg.eu\/index.php\/wp-json\/wp\/v2\/types\/page"}],"author":[{"embeddable":true,"href":"https:\/\/forumschaessburg.eu\/index.php\/wp-json\/wp\/v2\/users\/1"}],"replies":[{"embeddable":true,"href":"https:\/\/forumschaessburg.eu\/index.php\/wp-json\/wp\/v2\/comments?post=485"}],"version-history":[{"count":0,"href":"https:\/\/forumschaessburg.eu\/index.php\/wp-json\/wp\/v2\/pages\/485\/revisions"}],"wp:attachment":[{"href":"https:\/\/forumschaessburg.eu\/index.php\/wp-json\/wp\/v2\/media?parent=485"}],"curies":[{"name":"wp","href":"https:\/\/api.w.org\/{rel}","templated":true}]}}