{"id":487,"date":"2016-06-22T18:39:21","date_gmt":"2016-06-22T15:39:21","guid":{"rendered":"https:\/\/demo.forumschaessburg.eu\/?page_id=50"},"modified":"2016-06-22T18:39:21","modified_gmt":"2016-06-22T15:39:21","slug":"tanzgruppe","status":"publish","type":"page","link":"https:\/\/forumschaessburg.eu\/index.php\/tanzgruppe\/","title":{"rendered":"Tanzgruppe"},"content":{"rendered":"<p><a href=\"https:\/\/forumschaessburg.eu\/wp-content\/uploads\/2016\/06\/schbg-tanzgr.jpg\"><img loading=\"lazy\" decoding=\"async\" class=\"alignleft size-medium wp-image-51\" src=\"https:\/\/forumschaessburg.eu\/wp-content\/uploads\/2016\/06\/schbg-tanzgr-300x200.jpg\" alt=\"Tanzgruppe\" width=\"300\" height=\"200\" \/><\/a>Die Jugendtanzgruppe von Sch\u00e4\u00dfburg&#8230; seit wann es die gibt? Nun, wahrscheinlich hat es seit jeher eine Jugendtanzgruppe gegeben. Sie wurde wohl mal von Lehrerinnen, mal von Erzieherinnen und in der j\u00fcngeren Zeit auch mal von Ifa-Mitarbeitern geleitet; seit 2003 darf ich mich um die Tanzgruppe k\u00fcmmern und das, obwohl ich eigentlich nur sehr kurz als Sch\u00fclerin dabei war beim Tanzen.<\/p>\n<p>So war es am Anfang auch ein gegenseitiges Beibringen von T\u00e4nzen, jedoch sind wir mit den Jahren gewachsen und k\u00f6nnen jetzt ein Repertoire von ca. 20 T\u00e4nzen zeigen. Die Jugendlichen sind zwischen 15 und 25 Jahren alt und alle mit viel Spa\u00df bei der Sache. Manch ein Besucher, dem wir unsere T\u00e4nze zeigen, wundert sich, wenn er erf\u00e4hrt, dass alle freiwillig Volkst\u00e4nze lernen. Es scheint wie ein Fieber zu sein, das \u00fcbergreift, denn sogar Jugendliche aus Deutschland, die zuerst lachten, als sie Deutsche Volkstanzgruppe h\u00f6rten, tanzten sp\u00e4testens nach der Sternpolka mit.<\/p>\n<p>Wir zeigen unsere Volkst\u00e4nze, in der Mehrzahl aus dem s\u00e4chsischen Volkstanzgut, nicht nur ausl\u00e4ndischen G\u00e4sten, sondern freuen uns immer sehr, wenn wir eine Einladung zu einem Fest o.\u00c4. in der Region erhalten. Auch bei Festivals machen wir gerne mit, dabei sind wir schon in vielen St\u00e4dten des Landes und auch im Ausland zu Gast gewesen. Allen in Erinnerung geblieben ist dabei die Einladung nach London, um dort bei einer Veranstaltung im rum\u00e4nischen Kulturinstitut zu tanzen. Bei unseren Auftritten werden nat\u00fcrlich auch immer unsere sch\u00f6nen Trachten bewundert, die M\u00e4dchen tragen die Sch\u00e4\u00dfburger Jungs\u00e4chsische Tracht, die das Forum 2004 f\u00fcr uns anfertigen lie\u00df.<\/p>\n","protected":false},"excerpt":{"rendered":"<p>Die Jugendtanzgruppe von Sch\u00e4\u00dfburg&#8230; seit wann es die gibt? Nun, wahrscheinlich hat es seit jeher eine Jugendtanzgruppe gegeben. Sie wurde wohl mal von Lehrerinnen, mal von Erzieherinnen und in der j\u00fcngeren Zeit auch mal von Ifa-Mitarbeitern geleitet; seit 2003 darf ich mich um die Tanzgruppe k\u00fcmmern und das, obwohl ich eigentlich nur sehr kurz als Sch\u00fclerin dabei war beim Tanzen&#8230;. <a href=\"https:\/\/forumschaessburg.eu\/index.php\/tanzgruppe\/\">Read more &raquo;<\/a><\/p>\n","protected":false},"author":1,"featured_media":0,"parent":0,"menu_order":0,"comment_status":"closed","ping_status":"closed","template":"","meta":{"footnotes":""},"class_list":["post-487","page","type-page","status-publish","hentry"],"_links":{"self":[{"href":"https:\/\/forumschaessburg.eu\/index.php\/wp-json\/wp\/v2\/pages\/487","targetHints":{"allow":["GET"]}}],"collection":[{"href":"https:\/\/forumschaessburg.eu\/index.php\/wp-json\/wp\/v2\/pages"}],"about":[{"href":"https:\/\/forumschaessburg.eu\/index.php\/wp-json\/wp\/v2\/types\/page"}],"author":[{"embeddable":true,"href":"https:\/\/forumschaessburg.eu\/index.php\/wp-json\/wp\/v2\/users\/1"}],"replies":[{"embeddable":true,"href":"https:\/\/forumschaessburg.eu\/index.php\/wp-json\/wp\/v2\/comments?post=487"}],"version-history":[{"count":0,"href":"https:\/\/forumschaessburg.eu\/index.php\/wp-json\/wp\/v2\/pages\/487\/revisions"}],"wp:attachment":[{"href":"https:\/\/forumschaessburg.eu\/index.php\/wp-json\/wp\/v2\/media?parent=487"}],"curies":[{"name":"wp","href":"https:\/\/api.w.org\/{rel}","templated":true}]}}