{"id":489,"date":"2016-06-22T18:46:47","date_gmt":"2016-06-22T15:46:47","guid":{"rendered":"https:\/\/demo.forumschaessburg.eu\/?page_id=61"},"modified":"2016-06-22T18:46:47","modified_gmt":"2016-06-22T15:46:47","slug":"keramikkreis","status":"publish","type":"page","link":"https:\/\/forumschaessburg.eu\/index.php\/keramikkreis\/","title":{"rendered":"Keramikkreis"},"content":{"rendered":"<p><a href=\"https:\/\/forumschaessburg.eu\/wp-content\/uploads\/2016\/06\/P1020192.jpg\"><img loading=\"lazy\" decoding=\"async\" class=\"alignleft size-medium wp-image-62\" src=\"https:\/\/forumschaessburg.eu\/wp-content\/uploads\/2016\/06\/P1020192-300x225.jpg\" alt=\"Keramikkreis\" width=\"300\" height=\"225\" \/><\/a>K\u00fcnstlerisches Gestalten und Kreativit\u00e4t stehen an erster Stelle, wenn es um den Mal \u2013 und Keramikkreis geht. Die Kinder im Alter von 6 bis 12 Jahren (1.- 6. Klasse) lernen mit Farben und Ton umzugehen und verschiedene Themen individuell umzusetzen. Sie malen, zeichnen und modellieren und bekommen Einblicke in den Umgang mit verschiedenen Utensilien und Ger\u00e4ten wie beispielsweise der T\u00f6pferscheibe.<br \/>\nEs gibt 2 Gruppen mit je 20 Kindern, die sich jeweils einmal in der Woche treffen und 1 \u00bd Stunden gemeinsam ihrer Fantasie und ihrem Erfindungsreichtum freien Lauf lassen.<\/p>\n<p>Einmal in jedem Semester wird die T\u00f6pferscheibe in Betrieb genommen. Es ist ein Freizeitangebot, an dem die Kinder kostenfrei teilnehmen k\u00f6nnen, und anschlie\u00dfend d\u00fcrfen sie ihre selbst hergestellten kleinen Kunstwerke auch mit nach Hause nehmen.<br \/>\nSeit dem Herbst 1997 existiert der Keramikkreis, den Wilhelm Fabini ins Leben gerufen hat und leitet. Er findet in R\u00e4umlichkeiten des Internats der \u201eJoseph Haltrich\u201c Schule in Sch\u00e4\u00dfburg statt. Erm\u00f6glicht wurde er durch Spenden wie einen kleinen elektrischen Brennofen und eine T\u00f6pferscheibe aus BMI Geldern sowie durch gro\u00dfz\u00fcgige Spenden in Form von Papier, Malutensilien und andere Hilfen des Schweizer Vereins \u201eThun hilft Rum\u00e4nien\u201c.<\/p>\n","protected":false},"excerpt":{"rendered":"<p>K\u00fcnstlerisches Gestalten und Kreativit\u00e4t stehen an erster Stelle, wenn es um den Mal \u2013 und Keramikkreis geht. Die Kinder im Alter von 6 bis 12 Jahren (1.- 6. Klasse) lernen mit Farben und Ton umzugehen und verschiedene Themen individuell umzusetzen. Sie malen, zeichnen und modellieren und bekommen Einblicke in den Umgang mit verschiedenen Utensilien und Ger\u00e4ten wie beispielsweise der T\u00f6pferscheibe&#8230;. <a href=\"https:\/\/forumschaessburg.eu\/index.php\/keramikkreis\/\">Read more &raquo;<\/a><\/p>\n","protected":false},"author":1,"featured_media":0,"parent":0,"menu_order":0,"comment_status":"closed","ping_status":"closed","template":"","meta":{"footnotes":""},"class_list":["post-489","page","type-page","status-publish","hentry"],"_links":{"self":[{"href":"https:\/\/forumschaessburg.eu\/index.php\/wp-json\/wp\/v2\/pages\/489","targetHints":{"allow":["GET"]}}],"collection":[{"href":"https:\/\/forumschaessburg.eu\/index.php\/wp-json\/wp\/v2\/pages"}],"about":[{"href":"https:\/\/forumschaessburg.eu\/index.php\/wp-json\/wp\/v2\/types\/page"}],"author":[{"embeddable":true,"href":"https:\/\/forumschaessburg.eu\/index.php\/wp-json\/wp\/v2\/users\/1"}],"replies":[{"embeddable":true,"href":"https:\/\/forumschaessburg.eu\/index.php\/wp-json\/wp\/v2\/comments?post=489"}],"version-history":[{"count":0,"href":"https:\/\/forumschaessburg.eu\/index.php\/wp-json\/wp\/v2\/pages\/489\/revisions"}],"wp:attachment":[{"href":"https:\/\/forumschaessburg.eu\/index.php\/wp-json\/wp\/v2\/media?parent=489"}],"curies":[{"name":"wp","href":"https:\/\/api.w.org\/{rel}","templated":true}]}}