{"id":490,"date":"2016-06-22T18:48:02","date_gmt":"2016-06-22T15:48:02","guid":{"rendered":"https:\/\/demo.forumschaessburg.eu\/?page_id=64"},"modified":"2016-06-22T18:48:02","modified_gmt":"2016-06-22T15:48:02","slug":"burgspatzen","status":"publish","type":"page","link":"https:\/\/forumschaessburg.eu\/index.php\/burgspatzen\/","title":{"rendered":"Burgspatzen und Kindertanzgruppe"},"content":{"rendered":"<p><a href=\"https:\/\/forumschaessburg.eu\/wp-content\/uploads\/2016\/06\/Kulturwoche-2008.III_.jpg\"><img loading=\"lazy\" decoding=\"async\" class=\"alignleft size-medium wp-image-65\" src=\"https:\/\/forumschaessburg.eu\/wp-content\/uploads\/2016\/06\/Kulturwoche-2008.III_-300x225.jpg\" alt=\"Burgspatzen\" width=\"300\" height=\"225\" \/><\/a>Was verbirgt sich hinter dem Begriff Burgspatzen? Hinter diesem R\u00e4tsel steckt eine einfache L\u00f6sung. Die Burgspatzen sind eine M\u00e4dchengruppe im<br \/>Alter zwischen 6 und 10 Jahren (1. &#8211; 4. Klasse), die unter der Leitung von Waltraud Schuster singen, fl\u00f6ten, basteln und n\u00e4hen. Derzeit sind es<br \/>18 kleine Spatzen, die sich jeden Montag<br \/>zwischen 13:00 Uhr und 14:00 Uhr treffen und<br \/>gemeinsam lernen, Feinmotorik und<br \/>Fingerfertigkeit zu entwickeln. Dar\u00fcber hinaus lernen sie ihren Sinn f\u00fcrs Detail zu sch\u00e4rfen und ihrer Kreativit\u00e4t Ausdruck zu verleihen.<\/p>\n<p>Der Name wurde von der Burgspatzenmutter Wiltrud Baier \u00fcbernommen und seit der<br \/>Gr\u00fcndung durch Frau Baier im Jahre 1990 weiter getragen. Seit 2002 leitet nun Waltraud Schuster die Gruppe. Ihre Bastelmaterialien bekommt die Spatzengruppe aus Spenden und eigenen Mitteln von Frau Schuster. Nat\u00fcrlich treten die Kinder auch zu<br \/>Forumsveranstaltungen auf, so zum Beispiel mit aufgesagten Gedichten, Liedern oder<br \/> anderen einstudierten St\u00fccken.<br \/>Unsere Burgspatzen besuchen die Joseph Haltrich Schule. Aus diesem Grund wird<br \/> problemlos auf Deutsch kommuniziert, und die deutsche Sprache kann so auch noch nach dem Unterricht ganz zwanglos gesprochen werden.<\/p>\n<h3>Kindertanzgruppe<\/h3>\n<p>Mittlerweile sind es 38 Kinder, die sich jeden Freitag von 13:00 \u2013 14:00 Uhr treffen und unter Anleitung von Martha Szombati traditionelle T\u00e4nze der Siebenb\u00fcrger Sachsen einstudieren. Angefangen hat es zu Beginn des Jahres 2009 mit der damaligen 2. Klasse. Nach und nach sind Geschwisterkinder, die es leid waren, immer nur zuzusehen, dazu gesto\u00dfen und<br \/> konnten nun endlich auch bei \u201eden Gro\u00dfen\u201c mitmachen, wie die Gr\u00fcnderin und Leiterin der Kindertanzgruppe Martha Szombati berichtet.<\/p>\n<p>In Zukunft soll auch versucht werden rum\u00e4nische, ungarische und moderne T\u00e4nze zu lernen und vorzuf\u00fchren. In ihren Trachten tanzen die Kinder auf verschiedenen Veranstaltungen des Deutschen Demokratischen Forums, beispielsweise bei den Deutschen Kulturtagen; aber auch in anderen Ortschaften wie Bistritz, Birth\u00e4lm, Gro\u00dflasseln und Arkeden ist die<br \/> Kindertanzgruppe schon aufgetreten. Die Trachten, in denen die Kinder bei ihren Auftritten tanzen, haben einst Lehrerinnen der deutschen Schule in Sch\u00e4\u00dfburg von Hand gen\u00e4ht. Mit Stolz und Freude k\u00f6nnen wir in die Zukunft sehen und hoffen, dass aus unseren kleinen<br \/> T\u00e4nzern einmal gro\u00dfe T\u00e4nzer werden, die die Traditionen der Siebenb\u00fcrger Sachsen weiter tragen.<\/p>\n\n\n<p><\/p>\n","protected":false},"excerpt":{"rendered":"<p>Was verbirgt sich hinter dem Begriff Burgspatzen? Hinter diesem R\u00e4tsel steckt eine einfache L\u00f6sung. Die Burgspatzen sind eine M\u00e4dchengruppe imAlter zwischen 6 und 10 Jahren (1. &#8211; 4. Klasse), die unter der Leitung von Waltraud Schuster singen, fl\u00f6ten, basteln und n\u00e4hen. Derzeit sind es18 kleine Spatzen, die sich jeden Montagzwischen 13:00 Uhr und 14:00 Uhr treffen undgemeinsam lernen, Feinmotorik undFingerfertigkeit&#8230; <a href=\"https:\/\/forumschaessburg.eu\/index.php\/burgspatzen\/\">Read more &raquo;<\/a><\/p>\n","protected":false},"author":1,"featured_media":0,"parent":0,"menu_order":0,"comment_status":"closed","ping_status":"closed","template":"","meta":{"footnotes":""},"class_list":["post-490","page","type-page","status-publish","hentry"],"_links":{"self":[{"href":"https:\/\/forumschaessburg.eu\/index.php\/wp-json\/wp\/v2\/pages\/490","targetHints":{"allow":["GET"]}}],"collection":[{"href":"https:\/\/forumschaessburg.eu\/index.php\/wp-json\/wp\/v2\/pages"}],"about":[{"href":"https:\/\/forumschaessburg.eu\/index.php\/wp-json\/wp\/v2\/types\/page"}],"author":[{"embeddable":true,"href":"https:\/\/forumschaessburg.eu\/index.php\/wp-json\/wp\/v2\/users\/1"}],"replies":[{"embeddable":true,"href":"https:\/\/forumschaessburg.eu\/index.php\/wp-json\/wp\/v2\/comments?post=490"}],"version-history":[{"count":0,"href":"https:\/\/forumschaessburg.eu\/index.php\/wp-json\/wp\/v2\/pages\/490\/revisions"}],"wp:attachment":[{"href":"https:\/\/forumschaessburg.eu\/index.php\/wp-json\/wp\/v2\/media?parent=490"}],"curies":[{"name":"wp","href":"https:\/\/api.w.org\/{rel}","templated":true}]}}