{"id":492,"date":"2016-06-22T18:57:27","date_gmt":"2016-06-22T15:57:27","guid":{"rendered":"https:\/\/demo.forumschaessburg.eu\/?page_id=77"},"modified":"2025-11-26T19:14:45","modified_gmt":"2025-11-26T18:14:45","slug":"impressum","status":"publish","type":"page","link":"https:\/\/forumschaessburg.eu\/index.php\/impressum\/","title":{"rendered":"Impressum"},"content":{"rendered":"<div class='contenedor_tab'>\r\n\t\t\t\t<ul class='tabs'>\r\n\t\t\t\t\t<br \/>\n<li><a href='#tab1'>Anschrift<\/a><\/li>\r\n\t\t\t<div id='tab1' class='contenido_tab'><br \/>\nPiata Muzeului 6<br \/>\n545400 Sch\u00e4\u00dfburg \/ Rum\u00e4nien<\/p>\n<p><strong>Vertreten durch:<\/strong><\/p>\n<p>Stefan Gorczyca<\/p>\n<p><b>Kontakt:<\/b><\/p>\n<p>Telefon: (+40) 265 772234<br \/>\nTelefax: (+40) 265 772234<br \/>\nE-Mail:<a href=\"mailto:info@forumschaessburg.eu\"> info@forumschaessburg.eu<\/a><\/p>\n<p><\/div><li><a href='#tab2'>Vorst\u00e4nde<\/a><\/li>\r\n\t\t\t<div id='tab2' class='contenido_tab'><\/p>\n<h2>Vorsitzender<\/h2>\n<p>Stefan Gorczyca<\/p>\n<h2>Vorst\u00e4nde:<\/h2>\n<p>Andrea Rost<br \/>\nDieter Fritsch<br \/>\nLieselotte Baier<br \/>\n<span class=\"tmm_fname\">Jutta<\/span>\u00a0<span class=\"tmm_lname\">Martini<\/span><br \/>\nWaltraud Schuster<br \/>\n<\/div><li><a href='#tab3'>Haftungsausschluss<\/a><\/li>\r\n\t\t\t<div id='tab3' class='contenido_tab'><\/p>\n<p><strong>Impressum \/ Haftungsausschluss \/ Datenschutzbestimmungen gelten auch f\u00fcr die folgenden Social Media Kan\u00e4le und Websites<\/strong><\/p>\n<p><a href=\"https:\/\/www.facebook.com\/forumschaessburg\" target=\"_blank\" rel=\"noopener\">Facebook<\/a><br \/>\n<a href=\"https:\/\/x.com\/office_DFDS\" target=\"_blank\" rel=\"noopener\">X (Twitter)<\/a><\/p>\n<p><strong>Hinweise zur Haftung<\/strong><\/p>\n<p>Alle Dokumente und Dateien, die Sie auf diesen Seiten finden, wurden von uns mit gr\u00f6\u00dftm\u00f6glicher Sorgfalt erstellt. Wir bitten um Ihr Verst\u00e4ndnis, dass wir dennoch f\u00fcr die Richtigkeit und Vollst\u00e4ndigkeit der in dem Angebot hinterlegten<br \/>\nInformationen keine Gew\u00e4hr \u00fcbernehmen k\u00f6nnen. Wir schlie\u00dfen die Haftung f\u00fcr Sch\u00e4den aus, die sich direkt oder indirekt aus der Verwendung der Website und der darin enthaltenen Informationen ergeben k\u00f6nnen.<\/p>\n<p>Wir \u00fcbernehme ferner keine Haftung f\u00fcr die Inhalte anderer Websites, die Sie \u00fcber Hyperlinks von dieser Webseite aus besuchen k\u00f6nnen. Hierbei handelt es sich um fremde Angebote, auf deren inhaltliche Gestaltung wir keinen Einfluss haben. Diese Hyperlinks sind eine Serviceleistung. Als Betreiber dieser Webseite sind wir f\u00fcr die Inhalte fremder Webseiten jedoch nicht verantwortlich.<\/p>\n<p>Sollten Sie Kenntnis von rechtswidrigen Inhalten von Websites anderer Anbieter<br \/>\nerhalten, die Sie \u00fcber unser Angebot per Hyperlink besuchen k\u00f6nnen, bitten wir um einen Hinweis, damit wir den Verweis auf das entsprechende Angebot aufheben k\u00f6nnen.<\/p>\n<p><strong>Urheberrechtshinweise<\/strong><\/p>\n<p>S\u00e4mtliche Texte, Bilder, Grafiken sowie das Layout dieser Seiten sind<br \/>\nurheberrechtlich gesch\u00fctzt. Jede Vervielf\u00e4ltigung, Verbreitung, Speicherung,<br \/>\n\u00dcbermittlung, Sendung und Wieder- bzw. Weitergabe der Inhalte sind ohne<br \/>\nschriftliche Genehmigung per <a href=\"mailto:info@forumschaessburg.eu\">E-Mail an uns<\/a> ausdr\u00fccklich untersagt. Eine unerlaubte Verwendung, Reproduktion oder Weitergabe einzelner Inhalte oder kompletter<br \/>\nSeiten k\u00f6nnen sowohl straf- als auch zivilrechtlich verfolgt werden.<\/p>\n<p>Plattform der EU-Kommission zur Online-Streitbeilegung: https:\/\/ec.europa.eu\/odr Wir sind zur Teilnahme an einem Streitbeilegungsverfahren vor einer<br \/>\nVerbraucherschlichtungsstelle weder verpflichtet noch bereit.<\/p>\n<p><\/div><br \/>\n\r\n\t\t\t\t<\/ul>\r\n\t\t\t\t<div id='contenidos'><\/div>\r\n\t\t\t<\/div>\n","protected":false},"excerpt":{"rendered":"","protected":false},"author":1,"featured_media":0,"parent":0,"menu_order":0,"comment_status":"closed","ping_status":"closed","template":"","meta":{"footnotes":""},"class_list":["post-492","page","type-page","status-publish","hentry"],"_links":{"self":[{"href":"https:\/\/forumschaessburg.eu\/index.php\/wp-json\/wp\/v2\/pages\/492","targetHints":{"allow":["GET"]}}],"collection":[{"href":"https:\/\/forumschaessburg.eu\/index.php\/wp-json\/wp\/v2\/pages"}],"about":[{"href":"https:\/\/forumschaessburg.eu\/index.php\/wp-json\/wp\/v2\/types\/page"}],"author":[{"embeddable":true,"href":"https:\/\/forumschaessburg.eu\/index.php\/wp-json\/wp\/v2\/users\/1"}],"replies":[{"embeddable":true,"href":"https:\/\/forumschaessburg.eu\/index.php\/wp-json\/wp\/v2\/comments?post=492"}],"version-history":[{"count":3,"href":"https:\/\/forumschaessburg.eu\/index.php\/wp-json\/wp\/v2\/pages\/492\/revisions"}],"predecessor-version":[{"id":650,"href":"https:\/\/forumschaessburg.eu\/index.php\/wp-json\/wp\/v2\/pages\/492\/revisions\/650"}],"wp:attachment":[{"href":"https:\/\/forumschaessburg.eu\/index.php\/wp-json\/wp\/v2\/media?parent=492"}],"curies":[{"name":"wp","href":"https:\/\/api.w.org\/{rel}","templated":true}]}}